{"id":6367,"date":"2026-04-12T18:48:38","date_gmt":"2026-04-12T18:48:38","guid":{"rendered":"https:\/\/business.gs-informatique.be\/?page_id=6367"},"modified":"2026-04-23T14:08:57","modified_gmt":"2026-04-23T14:08:57","slug":"nos-tarifs","status":"publish","type":"page","link":"https:\/\/business.gs-informatique.be\/index.php\/nos-tarifs\/","title":{"rendered":"Nos tarifs"},"content":{"rendered":"\t\t<div data-elementor-type=\"wp-page\" data-elementor-id=\"6367\" class=\"elementor elementor-6367\">\n\t\t\t\t<div class=\"elementor-element elementor-element-a920d81 e-flex e-con-boxed animejs-disable e-con e-parent\" data-id=\"a920d81\" data-element_type=\"container\" data-e-type=\"container\">\n\t\t\t\t\t<div class=\"e-con-inner\">\n\t\t\t\t<div class=\"elementor-element elementor-element-98698bc animejs-disable elementor-widget elementor-widget-html\" data-id=\"98698bc\" data-element_type=\"widget\" data-e-type=\"widget\" data-widget_type=\"html.default\">\n\t\t\t\t\t<style>\n.gs-tarifs-page {\n  width: 100vw;\n  margin-left: calc(-50vw + 50%);\n  padding: 60px 20px;\n  font-family: Arial, sans-serif;\n  color: #1f2937;\n}\n\n\/* Conteneur centr\u00e9 pour lisibilit\u00e9 *\/\n.gs-container {\n  max-width: 1200px;\n  margin: auto;\n}\n\n\/* Cartes *\/\n.gs-card {\n  background: #fff;\n  border-radius: 16px;\n  padding: 30px;\n  margin-bottom: 30px;\n  border: 1px solid #e5e7eb;\n}\n\n\/* Titres *\/\nh1, h2, h3 {\n  margin-top: 0;\n}\n\nh2 {\n  color: #245da4;\n}\n\n\/* Tables *\/\n.gs-price-table {\n  width: 100%;\n  border-collapse: collapse;\n  margin-top: 20px;\n}\n\n.gs-price-table td {\n  padding: 15px;\n  border-bottom: 1px solid #eee;\n}\n\n.gs-price-table td:last-child {\n  text-align: right;\n  font-weight: bold;\n}\n\n\/* Grilles *\/\n.gs-grid-3 {\n  display: grid;\n  grid-template-columns: repeat(3, 1fr);\n  gap: 20px;\n}\n\n.gs-grid-2 {\n  display: grid;\n  grid-template-columns: repeat(2, 1fr);\n  gap: 20px;\n}\n\n\/* Zones *\/\n.gs-zone {\n  background: #f8fafc;\n  padding: 20px;\n  border-radius: 12px;\n}\n\n.gs-zone h3 {\n  color: #245da4;\n}\n\n\/* CTA *\/\n.gs-cta {\n  background: #0f172a;\n  color: white;\n  padding: 40px;\n  border-radius: 16px;\n  text-align: center;\n}\n\n.gs-cta h2 {\n  color: white !important;\n}\n\n.gs-btn {\n  background: #245da4;\n  color: white;\n  padding: 14px 24px;\n  border-radius: 8px;\n  display: inline-block;\n  margin-top: 10px;\n  text-decoration: none;\n}\n\n.gs-btn:hover {\n  background: #1b4a85;\n}\n\n\/* Responsive *\/\n@media(max-width: 900px){\n  .gs-grid-3,\n  .gs-grid-2 {\n    grid-template-columns: 1fr;\n  }\n}\n<\/style>\n\n<div class=\"gs-tarifs-page\">\n<div class=\"gs-container\">\n\n<!-- INTRO -->\n<div class=\"gs-card\">\n  <h1>Tarifs pour les professionnels<\/h1>\n  <p>\n    Veuillez trouver ci-dessous les tarifs standards pour la plupart de nos prestations sur place et \u00e0 distance.\n    Si vous ne trouvez pas le tarif correspondant \u00e0 votre besoin, n\u2019h\u00e9sitez pas \u00e0 nous contacter pour un devis personnalis\u00e9.\n  <\/p>\n  <p><strong>Tarifs hors TVA (21%) \u2013 Ann\u00e9e 2026<\/strong><\/p>\n<\/div>\n\n<!-- DEMANDE PONCTUELLE -->\n<div class=\"gs-card\">\n  <h2>Demande ponctuelle<\/h2>\n  <p>Pour une intervention ponctuelle (valable pour toute demande, que vous soyez d\u00e9j\u00e0 client ou non)<\/p>\n\n  <table class=\"gs-price-table\">\n    <tr><td>Tarif horaire<\/td><td>100 \u20ac<\/td><\/tr>\n    <tr><td>Temps suppl\u00e9mentaire (30 min)<\/td><td>50 \u20ac<\/td><\/tr>\n  <\/table>\n<\/div>\n\n<!-- DEPLACEMENT -->\n<div class=\"gs-card\">\n  <h2>Frais de d\u00e9placement<\/h2>\n\n  <table class=\"gs-price-table\">\n    <tr><td>Zone 1<\/td><td>20 \u20ac<\/td><\/tr>\n    <tr><td>Zone 2<\/td><td>35 \u20ac<\/td><\/tr>\n    <tr><td>Zone 3<\/td><td>50 \u20ac<\/td><\/tr>\n  <\/table>\n<\/div>\n\n<!-- ZONES DETAIL -->\n<div class=\"gs-grid-3\">\n\n  <div class=\"gs-zone\">\n    <h3>Zone 1<\/h3>\n    <p><strong>Bruxelles :<\/strong> les 19 communes<\/p>\n    <p><strong>Brabant Wallon :<\/strong> Waterloo, Braine-L\u2019Alleud<\/p>\n    <p><strong>Brabant Flamand :<\/strong><br>\n    Asse, Beersel, Crainhem, Dilbeek, Drogenbos, Hoeilaart, Leeuw-Saint-Pierre,\n    Lennik, Linkebeek, Overijse, Rhode-Saint-Gen\u00e8se, Tervuren, Wemmel,\n    Wezembeek-Oppem, Vilvorde, Zaventem<\/p>\n  <\/div>\n\n  <div class=\"gs-zone\">\n    <h3>Zone 2<\/h3>\n    <p><strong>Brabant Wallon :<\/strong><br>\n    Lasne, Wavre, Rixensart, Braine-le-Ch\u00e2teau, Chaumont-Gistoux,\n    Court-Saint-Etienne, Genappe, Grez-Doiceau, Mont-Saint-Guibert,\n    Ottignies-Louvain-la-Neuve, La Hulpe<\/p>\n\n    <p><strong>Brabant Flamand :<\/strong><br>\n    Affligem, Gooik, Chapelle-au-Bois, Liedekerke, Londerzeel, Opwijk,\n    Roosdaal, Pepingen, Halle, Steenokkerzeel, Ternat, Zemst,\n    Kampenhout, Grimbergen, Machelen, Meise, Merchtem<\/p>\n  <\/div>\n\n  <div class=\"gs-zone\">\n    <h3>Zone 3<\/h3>\n    <p>Reste du Brabant Wallon et Flamand<\/p>\n  <\/div>\n\n<\/div>\n\n<!-- HEURES PREPAYEES -->\n<div class=\"gs-card\">\n  <h2>Heures pr\u00e9pay\u00e9es<\/h2>\n  <p>Solution id\u00e9ale pour un support r\u00e9gulier :<\/p>\n\n  <table class=\"gs-price-table\">\n    <tr><td>5 heures<\/td><td>450 \u20ac<\/td><\/tr>\n    <tr><td>10 heures<\/td><td>800 \u20ac<\/td><\/tr>\n  <\/table>\n<\/div>\n\n<!-- AVANTAGES + CONDITIONS -->\n<div class=\"gs-grid-2\">\n\n  <div class=\"gs-card\">\n    <h3>Avantages<\/h3>\n    <ul>\n      <li>Clients prioritaires<\/li>\n      <li>Frais de d\u00e9placement offerts en zone 1<\/li>\n      <li>Support long terme<\/li>\n      <li>Meilleure ma\u00eetrise du budget<\/li>\n    <\/ul>\n  <\/div>\n\n  <div class=\"gs-card\">\n    <h3>Conditions<\/h3>\n    <ul>\n      <li>Valables \u00e0 distance et sur site<\/li>\n      <li>Sur place : minimum 1h puis 30 min<\/li>\n      <li>\u00c0 distance : minimum 30 min puis 15 min<\/li>\n      <li>Rapport mensuel envoy\u00e9<\/li>\n    <\/ul>\n  <\/div>\n\n<\/div>\n\n<!-- CTA -->\n<div class=\"gs-card gs-cta\">\n  <h2>Besoin d\u2019une intervention ou d\u2019un devis ?<\/h2>\n  <p>Nous sommes \u00e0 votre disposition pour toute demande.<\/p>\n  <a href=\"\/contact\/\" class=\"gs-btn\">Nous contacter<\/a>\n<\/div>\n\n<\/div>\n<\/div>\n\t\t\t\t<\/div>\n\t\t\t\t\t<\/div>\n\t\t\t\t<\/div>\n\t\t\t\t<\/div>\n\t\t","protected":false},"excerpt":{"rendered":"<p>Tarifs pour les professionnels Veuillez trouver ci-dessous les tarifs standards pour la plupart de nos prestations sur place et \u00e0 distance. Si vous ne trouvez pas le tarif correspondant \u00e0 votre besoin, n\u2019h\u00e9sitez pas \u00e0 nous contacter pour un devis personnalis\u00e9. Tarifs hors TVA (21%) \u2013 Ann\u00e9e 2026 Demande ponctuelle Pour une intervention ponctuelle (valable&#8230;<\/p>\n","protected":false},"author":2,"featured_media":0,"parent":0,"menu_order":0,"comment_status":"closed","ping_status":"closed","template":"elementor_header_footer","meta":{"footnotes":""},"class_list":["post-6367","page","type-page","status-publish","hentry"],"_links":{"self":[{"href":"https:\/\/business.gs-informatique.be\/index.php\/wp-json\/wp\/v2\/pages\/6367","targetHints":{"allow":["GET"]}}],"collection":[{"href":"https:\/\/business.gs-informatique.be\/index.php\/wp-json\/wp\/v2\/pages"}],"about":[{"href":"https:\/\/business.gs-informatique.be\/index.php\/wp-json\/wp\/v2\/types\/page"}],"author":[{"embeddable":true,"href":"https:\/\/business.gs-informatique.be\/index.php\/wp-json\/wp\/v2\/users\/2"}],"replies":[{"embeddable":true,"href":"https:\/\/business.gs-informatique.be\/index.php\/wp-json\/wp\/v2\/comments?post=6367"}],"version-history":[{"count":64,"href":"https:\/\/business.gs-informatique.be\/index.php\/wp-json\/wp\/v2\/pages\/6367\/revisions"}],"predecessor-version":[{"id":6453,"href":"https:\/\/business.gs-informatique.be\/index.php\/wp-json\/wp\/v2\/pages\/6367\/revisions\/6453"}],"wp:attachment":[{"href":"https:\/\/business.gs-informatique.be\/index.php\/wp-json\/wp\/v2\/media?parent=6367"}],"curies":[{"name":"wp","href":"https:\/\/api.w.org\/{rel}","templated":true}]}}