{"id":28,"date":"2024-08-27T10:40:46","date_gmt":"2024-08-27T10:40:46","guid":{"rendered":"https:\/\/wps.mirrortheme.com\/optech\/?page_id=28"},"modified":"2026-03-15T21:05:16","modified_gmt":"2026-03-15T21:05:16","slug":"qui-sommes-nous","status":"publish","type":"page","link":"https:\/\/business.gs-informatique.be\/index.php\/qui-sommes-nous\/","title":{"rendered":"Qui sommes-nous ?"},"content":{"rendered":"\t\t<div data-elementor-type=\"wp-page\" data-elementor-id=\"28\" class=\"elementor elementor-28\">\n\t\t\t\t<div class=\"elementor-element elementor-element-a4efa44 e-con-full e-flex animejs-disable e-con e-parent\" data-id=\"a4efa44\" data-element_type=\"container\" data-e-type=\"container\" data-settings=\"{&quot;background_background&quot;:&quot;classic&quot;}\">\n\t\t<div class=\"elementor-element elementor-element-7a3bfbb e-con-full e-flex animejs-disable e-con e-child\" data-id=\"7a3bfbb\" data-element_type=\"container\" data-e-type=\"container\">\n\t\t\t\t<div class=\"elementor-element elementor-element-6841616 elementor-widget__width-initial animejs-onview animejs-element elementor-widget elementor-widget-optechsectiontitle\" data-id=\"6841616\" data-element_type=\"widget\" data-e-type=\"widget\" data-anime=\"onview: -100; loop: false; opacity: [0, 1]; translateY: [48, 0]; easing: &#039;spring(1, 80, 10, 0)&#039;; duration: 450; delay: 100\" data-anime-devices=\"mobile,tablet,desktop\" data-widget_type=\"optechsectiontitle.default\">\n\t\t\t\t<div class=\"elementor-widget-container\">\n\t\t\t\t\t\t\t\t<div class=\"optech-default-content\">\r\n\t\t\t\t\r\n\t\t\t\t\t\t\t\t\t<h2 class=\"sec-title\">\t\t\t\t\t\tUne \u00e9quipe \u00e0 votre service\t\t\t\t\t\t\t\t\t\t\t<\/h2>\t\t\t\t\r\n\t\t\t\t\t\t\t\t\t<span class=\"sec-subtitle\">\t\t\t\t\t\tGS Informatique est avant tout une \u00e9quipe de passionn\u00e9s d\u2019informatique qui partagent la m\u00eame volont\u00e9 : offrir un service de qualit\u00e9 et une vraie proximit\u00e9 avec nos clients.\t\t\t\t\t<\/span>\t\t\t\t\r\n\t\t\t\t\t\t\t<\/div>\r\n\t\t\t\t\t\t<\/div>\n\t\t\t\t<\/div>\n\t\t\t\t<\/div>\n\t\t<div class=\"elementor-element elementor-element-0413562 e-flex e-con-boxed animejs-disable e-con e-child\" data-id=\"0413562\" data-element_type=\"container\" data-e-type=\"container\">\n\t\t\t\t\t<div class=\"e-con-inner\">\n\t\t\t\t<div class=\"elementor-element elementor-element-9dd2a5e animejs-disable elementor-widget elementor-widget-optech_team_member\" data-id=\"9dd2a5e\" data-element_type=\"widget\" data-e-type=\"widget\" data-settings=\"{&quot;per_coulmn&quot;:&quot;3&quot;,&quot;per_coulmn_tablet&quot;:2,&quot;per_coulmn_mobile&quot;:1}\" data-widget_type=\"optech_team_member.default\">\n\t\t\t\t<div class=\"elementor-widget-container\">\n\t\t\t\t\t  \r\n\r\n        <div  class=\"row team-slide optech-4column-slider\" data-settings=\"{&quot;autoplay&quot;:true,&quot;drag&quot;:true,&quot;dots&quot;:true,&quot;centermode&quot;:true,&quot;autoplaytimeout&quot;:&quot;3000&quot;,&quot;per_coulmn&quot;:&quot;3&quot;,&quot;per_coulmn_tablet&quot;:2,&quot;per_coulmn_mobile&quot;:1}\" data-anime=\" \" data-uc-grid>\r\n                                                <div >\r\n                        <div class=\"optech-team-wrap\" >\r\n                                                            <div class=\"optech-team-thumb\">\r\n                                    <img fetchpriority=\"high\" decoding=\"async\" width=\"1000\" height=\"1500\" src=\"https:\/\/business.gs-informatique.be\/wp-content\/uploads\/2026\/03\/Giuseppe.jpeg\" class=\"attachment-full size-full wp-post-image\" alt=\"\" srcset=\"https:\/\/business.gs-informatique.be\/wp-content\/uploads\/2026\/03\/Giuseppe.jpeg 1000w, https:\/\/business.gs-informatique.be\/wp-content\/uploads\/2026\/03\/Giuseppe-200x300.jpeg 200w, https:\/\/business.gs-informatique.be\/wp-content\/uploads\/2026\/03\/Giuseppe-683x1024.jpeg 683w, https:\/\/business.gs-informatique.be\/wp-content\/uploads\/2026\/03\/Giuseppe-768x1152.jpeg 768w\" sizes=\"(max-width: 1000px) 100vw, 1000px\" \/>                                    <div class=\"optech-social-icon-box style-three position\">\r\n                                        <ul>\r\n                                            \r\n                                            \r\n                                            \r\n                                                                                    <\/ul>\r\n                                    <\/div>\r\n                                <\/div>\r\n                                                        <div class=\"optech-team-data\">\r\n                                <a href=\"https:\/\/business.gs-informatique.be\/index.php\/teams\/giuseppe\/\">\r\n                                    <h5>Giuseppe<\/h5>\r\n                                <\/a>\r\n                                <p>G\u00e9rant et technicien informatique<\/p>\r\n                            <\/div>\r\n                        <\/div>\r\n                    <\/div>\r\n                                                                <div >\r\n                        <div class=\"optech-team-wrap\" >\r\n                                                            <div class=\"optech-team-thumb\">\r\n                                    <img decoding=\"async\" width=\"1000\" height=\"1500\" src=\"https:\/\/business.gs-informatique.be\/wp-content\/uploads\/2026\/03\/David-2.png\" class=\"attachment-full size-full wp-post-image\" alt=\"\" srcset=\"https:\/\/business.gs-informatique.be\/wp-content\/uploads\/2026\/03\/David-2.png 1000w, https:\/\/business.gs-informatique.be\/wp-content\/uploads\/2026\/03\/David-2-200x300.png 200w, https:\/\/business.gs-informatique.be\/wp-content\/uploads\/2026\/03\/David-2-683x1024.png 683w, https:\/\/business.gs-informatique.be\/wp-content\/uploads\/2026\/03\/David-2-768x1152.png 768w\" sizes=\"(max-width: 1000px) 100vw, 1000px\" \/>                                    <div class=\"optech-social-icon-box style-three position\">\r\n                                        <ul>\r\n                                            \r\n                                            \r\n                                            \r\n                                                                                    <\/ul>\r\n                                    <\/div>\r\n                                <\/div>\r\n                                                        <div class=\"optech-team-data\">\r\n                                <a href=\"https:\/\/business.gs-informatique.be\/index.php\/teams\/david\/\">\r\n                                    <h5>David<\/h5>\r\n                                <\/a>\r\n                                <p>Technicien informatique<\/p>\r\n                            <\/div>\r\n                        <\/div>\r\n                    <\/div>\r\n                                                                <div >\r\n                        <div class=\"optech-team-wrap\" >\r\n                                                            <div class=\"optech-team-thumb\">\r\n                                    <img decoding=\"async\" width=\"1000\" height=\"1500\" src=\"https:\/\/business.gs-informatique.be\/wp-content\/uploads\/2026\/03\/Angelo.jpeg\" class=\"attachment-full size-full wp-post-image\" alt=\"\" srcset=\"https:\/\/business.gs-informatique.be\/wp-content\/uploads\/2026\/03\/Angelo.jpeg 1000w, https:\/\/business.gs-informatique.be\/wp-content\/uploads\/2026\/03\/Angelo-200x300.jpeg 200w, https:\/\/business.gs-informatique.be\/wp-content\/uploads\/2026\/03\/Angelo-683x1024.jpeg 683w, https:\/\/business.gs-informatique.be\/wp-content\/uploads\/2026\/03\/Angelo-768x1152.jpeg 768w\" sizes=\"(max-width: 1000px) 100vw, 1000px\" \/>                                    <div class=\"optech-social-icon-box style-three position\">\r\n                                        <ul>\r\n                                            \r\n                                            \r\n                                            \r\n                                                                                    <\/ul>\r\n                                    <\/div>\r\n                                <\/div>\r\n                                                        <div class=\"optech-team-data\">\r\n                                <a href=\"https:\/\/business.gs-informatique.be\/index.php\/teams\/angelo\/\">\r\n                                    <h5>Angelo<\/h5>\r\n                                <\/a>\r\n                                <p>Technicien informatique<\/p>\r\n                            <\/div>\r\n                        <\/div>\r\n                    <\/div>\r\n                                    <\/div>\r\n        \t\t\t\t<\/div>\n\t\t\t\t<\/div>\n\t\t\t\t\t<\/div>\n\t\t\t\t<\/div>\n\t\t\t\t<\/div>\n\t\t<div class=\"elementor-element elementor-element-3b5bfc4 e-flex e-con-boxed animejs-disable e-con e-parent\" data-id=\"3b5bfc4\" data-element_type=\"container\" data-e-type=\"container\">\n\t\t\t\t\t<div class=\"e-con-inner\">\n\t\t<div class=\"elementor-element elementor-element-d2a9398 e-con-full e-flex animejs-disable e-con e-child\" data-id=\"d2a9398\" data-element_type=\"container\" data-e-type=\"container\">\n\t\t\t\t<div class=\"elementor-element elementor-element-1b437be animejs-disable elementor-widget elementor-widget-optechimagebox\" data-id=\"1b437be\" data-element_type=\"widget\" data-e-type=\"widget\" data-widget_type=\"optechimagebox.default\">\n\t\t\t\t<div class=\"elementor-widget-container\">\n\t\t\t\t\t\t\t\t<div class=\"optech-thumb extra-mr\" data-anime=\"onview: -250; targets: > *; translateY: [48, 0]; opacity: [0, 1]; easing: spring(1, 80, 10, 0); duration: 450; delay: anime.stagger(100, {start: 200});\" data-uc-grid>\n    <img decoding=\"async\" src=\"https:\/\/business.gs-informatique.be\/wp-content\/uploads\/2024\/09\/thumb1-1.png\" alt=\"\">\n    <div class=\"optech-thumb-position\">\n        <img decoding=\"async\" src=\"https:\/\/business.gs-informatique.be\/wp-content\/uploads\/2024\/09\/thumb2-1.png\" alt=\"\">\n    <\/div>\n    <div class=\"optech-shape1\">\n        <img decoding=\"async\" src=\"https:\/\/business.gs-informatique.be\/wp-content\/uploads\/2024\/09\/shape1.svg\" alt=\"\">\n    <\/div>\n    <div class=\"optech-shape2\">\n        <img decoding=\"async\" src=\"https:\/\/business.gs-informatique.be\/wp-content\/uploads\/2024\/09\/shape2.svg\" alt=\"\">\n    <\/div>\n<\/div>\t\t\t\t\t\t<\/div>\n\t\t\t\t<\/div>\n\t\t\t\t<\/div>\n\t\t<div class=\"elementor-element elementor-element-7c91076 e-con-full animejs-onview e-flex animejs-element e-con e-child\" data-id=\"7c91076\" data-element_type=\"container\" data-e-type=\"container\" data-anime=\"onview: -100; loop: false; targets: .elementor-element; opacity: [0, 1]; translateY: [48, 0]; easing: &#039;spring(1, 80, 10, 0)&#039;; duration: 450; delay: 100; delay: anime.stagger(100, {start: 100})\" data-anime-devices=\"mobile,tablet,desktop\">\n\t\t\t\t<div class=\"elementor-element elementor-element-13b29ae elementor-widget__width-initial animejs-disable elementor-widget elementor-widget-optechsectiontitle\" data-id=\"13b29ae\" data-element_type=\"widget\" data-e-type=\"widget\" data-widget_type=\"optechsectiontitle.default\">\n\t\t\t\t<div class=\"elementor-widget-container\">\n\t\t\t\t\t\t\t\t<div class=\"optech-default-content\">\r\n\t\t\t\t\r\n\t\t\t\t\t\t\t\t\t<h2 class=\"sec-title\">\t\t\t\t\t\tQui sommes-nous ?\t\t\t\t\t\t\t\t\t\t\t<\/h2>\t\t\t\t\r\n\t\t\t\t\r\n\t\t\t\t\t\t\t\t\t<p class=\"sec-text\">GS Informatique est une soci\u00e9t\u00e9 sp\u00e9cialis\u00e9e dans l\u2019accompagnement informatique des petites et moyennes entreprises \u00e0 Bruxelles et dans les environs.\n<br><br>\nNotre mission est simple : offrir aux PME un support informatique fiable, r\u00e9actif et adapt\u00e9 \u00e0 leur r\u00e9alit\u00e9. Nous accompagnons principalement des entreprises de 1 \u00e0 20 utilisateurs qui souhaitent disposer d\u2019un partenaire informatique de confiance.<\/p>\t\t\t\t\t\t\t<\/div>\r\n\t\t\t\t\t\t<\/div>\n\t\t\t\t<\/div>\n\t\t\t\t<div class=\"elementor-element elementor-element-187988e elementor-icon-list--layout-traditional elementor-list-item-link-full_width animejs-disable elementor-widget elementor-widget-icon-list\" data-id=\"187988e\" data-element_type=\"widget\" data-e-type=\"widget\" data-widget_type=\"icon-list.default\">\n\t\t\t\t\t\t\t<ul class=\"elementor-icon-list-items\">\n\t\t\t\t\t\t\t<li class=\"elementor-icon-list-item\">\n\t\t\t\t\t\t\t\t\t\t\t<span class=\"elementor-icon-list-icon\">\n\t\t\t\t\t\t\t<svg aria-hidden=\"true\" class=\"e-font-icon-svg e-fas-check\" viewBox=\"0 0 512 512\" xmlns=\"http:\/\/www.w3.org\/2000\/svg\"><path d=\"M173.898 439.404l-166.4-166.4c-9.997-9.997-9.997-26.206 0-36.204l36.203-36.204c9.997-9.998 26.207-9.998 36.204 0L192 312.69 432.095 72.596c9.997-9.997 26.207-9.997 36.204 0l36.203 36.204c9.997 9.997 9.997 26.206 0 36.204l-294.4 294.401c-9.998 9.997-26.207 9.997-36.204-.001z\"><\/path><\/svg>\t\t\t\t\t\t<\/span>\n\t\t\t\t\t\t\t\t\t\t<span class=\"elementor-icon-list-text\">Expertise informatique PME<\/span>\n\t\t\t\t\t\t\t\t\t<\/li>\n\t\t\t\t\t\t\t\t<li class=\"elementor-icon-list-item\">\n\t\t\t\t\t\t\t\t\t\t\t<span class=\"elementor-icon-list-icon\">\n\t\t\t\t\t\t\t<svg aria-hidden=\"true\" class=\"e-font-icon-svg e-fas-check\" viewBox=\"0 0 512 512\" xmlns=\"http:\/\/www.w3.org\/2000\/svg\"><path d=\"M173.898 439.404l-166.4-166.4c-9.997-9.997-9.997-26.206 0-36.204l36.203-36.204c9.997-9.998 26.207-9.998 36.204 0L192 312.69 432.095 72.596c9.997-9.997 26.207-9.997 36.204 0l36.203 36.204c9.997 9.997 9.997 26.206 0 36.204l-294.4 294.401c-9.998 9.997-26.207 9.997-36.204-.001z\"><\/path><\/svg>\t\t\t\t\t\t<\/span>\n\t\t\t\t\t\t\t\t\t\t<span class=\"elementor-icon-list-text\">Support r\u00e9actif<\/span>\n\t\t\t\t\t\t\t\t\t<\/li>\n\t\t\t\t\t\t\t\t<li class=\"elementor-icon-list-item\">\n\t\t\t\t\t\t\t\t\t\t\t<span class=\"elementor-icon-list-icon\">\n\t\t\t\t\t\t\t<svg aria-hidden=\"true\" class=\"e-font-icon-svg e-fas-check\" viewBox=\"0 0 512 512\" xmlns=\"http:\/\/www.w3.org\/2000\/svg\"><path d=\"M173.898 439.404l-166.4-166.4c-9.997-9.997-9.997-26.206 0-36.204l36.203-36.204c9.997-9.998 26.207-9.998 36.204 0L192 312.69 432.095 72.596c9.997-9.997 26.207-9.997 36.204 0l36.203 36.204c9.997 9.997 9.997 26.206 0 36.204l-294.4 294.401c-9.998 9.997-26.207 9.997-36.204-.001z\"><\/path><\/svg>\t\t\t\t\t\t<\/span>\n\t\t\t\t\t\t\t\t\t\t<span class=\"elementor-icon-list-text\">Solutions adapt\u00e9es aux PME<\/span>\n\t\t\t\t\t\t\t\t\t<\/li>\n\t\t\t\t\t\t<\/ul>\n\t\t\t\t\t\t<\/div>\n\t\t\t\t<div class=\"elementor-element elementor-element-7fa968e animejs-disable elementor-widget elementor-widget-optechbutton\" data-id=\"7fa968e\" data-element_type=\"widget\" data-e-type=\"widget\" data-widget_type=\"optechbutton.default\">\n\t\t\t\t<div class=\"elementor-widget-container\">\n\t\t\t\t\t\t\r\n\t\t\t\t\t\t\t<a class=\"optech-default-btn btn-style\" href=\"https:\/\/business.gs-informatique.be\/index.php\/nos-services\/\"   data-text=\"Nos services\">\r\n\t\t\t\t\t<span class=\"btn-wraper\">\r\n\t\t\t\t\t\tNos services\t\t\t\t\t<\/span>\r\n\t\t\t\t<\/a>\r\n\t\t\t\t\t\t\t\t\t<\/div>\n\t\t\t\t<\/div>\n\t\t\t\t<\/div>\n\t\t\t\t\t<\/div>\n\t\t\t\t<\/div>\n\t\t<div class=\"elementor-element elementor-element-3fbb782 e-flex e-con-boxed animejs-disable e-con e-parent\" data-id=\"3fbb782\" data-element_type=\"container\" data-e-type=\"container\" data-settings=\"{&quot;background_background&quot;:&quot;classic&quot;}\">\n\t\t\t\t\t<div class=\"e-con-inner\">\n\t\t<div class=\"elementor-element elementor-element-3ef9130 e-con-full e-flex animejs-disable e-con e-child\" data-id=\"3ef9130\" data-element_type=\"container\" data-e-type=\"container\">\n\t\t\t\t<div class=\"elementor-element elementor-element-7fb822f animejs-disable elementor-widget elementor-widget-optechimagebox\" data-id=\"7fb822f\" data-element_type=\"widget\" data-e-type=\"widget\" data-widget_type=\"optechimagebox.default\">\n\t\t\t\t<div class=\"elementor-widget-container\">\n\t\t\t\t\t\t\t\t<div class=\"optech-thumb extra-ml\" data-anime=\"onview: -250; targets: > *; translateY: [48, 0]; opacity: [0, 1]; easing: spring(1, 80, 10, 0); duration: 450; delay: anime.stagger(100, {start: 200});\" data-uc-grid>\n    <img decoding=\"async\" data-aos=\"fade-up\" src=\"https:\/\/business.gs-informatique.be\/wp-content\/uploads\/2024\/09\/thumb3-1.png\" alt=\"\">\n    <div class=\"optech-thumb-position2\">\n        <img decoding=\"async\" src=\"https:\/\/business.gs-informatique.be\/wp-content\/uploads\/2024\/09\/thumb4-1.png\" alt=\"\">\n    <\/div>\n    <div class=\"optech-shape3\">\n        <img decoding=\"async\" src=\"https:\/\/business.gs-informatique.be\/wp-content\/uploads\/2024\/09\/shape3.svg\" alt=\"\">\n    <\/div>\n    <div class=\"optech-shape4\">\n        <img decoding=\"async\" src=\"https:\/\/business.gs-informatique.be\/wp-content\/uploads\/2024\/09\/shape4.svg\" alt=\"\">\n    <\/div>\n<\/div>\t\t\t\t\t\t<\/div>\n\t\t\t\t<\/div>\n\t\t\t\t<\/div>\n\t\t<div class=\"elementor-element elementor-element-7392a06 e-con-full e-flex animejs-disable e-con e-child\" data-id=\"7392a06\" data-element_type=\"container\" data-e-type=\"container\">\n\t\t\t\t<div class=\"elementor-element elementor-element-510b8cb elementor-widget__width-initial animejs-onview animejs-element elementor-widget elementor-widget-optechsectiontitle\" data-id=\"510b8cb\" data-element_type=\"widget\" data-e-type=\"widget\" data-anime=\"onview: -100; loop: false; opacity: [0, 1]; translateY: [48, 0]; easing: &#039;spring(1, 80, 10, 0)&#039;; duration: 450; delay: 100\" data-anime-devices=\"mobile,tablet,desktop\" data-widget_type=\"optechsectiontitle.default\">\n\t\t\t\t<div class=\"elementor-widget-container\">\n\t\t\t\t\t\t\t\t<div class=\"optech-default-content\">\r\n\t\t\t\t\r\n\t\t\t\t\t\t\t\t\t<h2 class=\"sec-title\">\t\t\t\t\t\tUne passion pour l\u2019informatique depuis plus de 20 ans\t\t\t\t\t\t\t\t\t\t\t<\/h2>\t\t\t\t\r\n\t\t\t\t\r\n\t\t\t\t\t\t\t<\/div>\r\n\t\t\t\t\t\t<\/div>\n\t\t\t\t<\/div>\n\t\t\t\t<div class=\"elementor-element elementor-element-c359275 elementor-widget__width-initial animejs-disable elementor-widget elementor-widget-optechsectiontitle\" data-id=\"c359275\" data-element_type=\"widget\" data-e-type=\"widget\" data-widget_type=\"optechsectiontitle.default\">\n\t\t\t\t<div class=\"elementor-widget-container\">\n\t\t\t\t\t\t\t\t<div class=\"optech-default-content\">\r\n\t\t\t\t\r\n\t\t\t\t\r\n\t\t\t\t\r\n\t\t\t\t\t\t\t\t\t<p class=\"sec-text\">Je m\u2019appelle Giuseppe et je travaille dans le domaine de l\u2019informatique depuis plus de vingt ans.\n<br><br>\nBien avant que l\u2019informatique ne devienne omnipr\u00e9sente dans les entreprises, j\u2019ai d\u00e9velopp\u00e9 tr\u00e8s jeune une v\u00e9ritable passion pour ce domaine.\n<br><br>\nVers l\u2019\u00e2ge de 13 ans, alors que peu de foyers poss\u00e9daient encore un ordinateur, j\u2019ai eu l\u2019occasion d\u2019en d\u00e9couvrir un pour la premi\u00e8re fois. Curieux de comprendre le fonctionnement de ces machines, je passais beaucoup de temps \u00e0 lire et \u00e0 apprendre tout ce que je pouvais sur le mat\u00e9riel et les logiciels.\n<br><br>\nAvec le temps, cette passion est devenue mon m\u00e9tier. J\u2019ai commenc\u00e9 par travailler dans un atelier informatique, o\u00f9 j\u2019ai progressivement \u00e9volu\u00e9 jusqu\u2019\u00e0 devenir responsable du service technique.\n<br><br>\nCette exp\u00e9rience m\u2019a permis de d\u00e9velopper une solide expertise dans :\n<br><br>\n- le d\u00e9pannage informatique\n<br>\n- l\u2019installation d\u2019infrastructures\n<br>\n- la gestion d\u2019environnements informatiques professionnels\n<br><br>\nAujourd\u2019hui, avec GS Informatique, mon objectif reste le m\u00eame : mettre cette exp\u00e9rience au service des entreprises et leur proposer des solutions informatiques simples, fiables et efficaces.<\/p>\t\t\t\t\t\t\t<\/div>\r\n\t\t\t\t\t\t<\/div>\n\t\t\t\t<\/div>\n\t\t\t\t<\/div>\n\t\t\t\t\t<\/div>\n\t\t\t\t<\/div>\n\t\t<div class=\"elementor-element elementor-element-babf3bb e-flex e-con-boxed animejs-disable e-con e-parent\" data-id=\"babf3bb\" data-element_type=\"container\" data-e-type=\"container\" data-settings=\"{&quot;background_background&quot;:&quot;gradient&quot;}\">\n\t\t\t\t\t<div class=\"e-con-inner\">\n\t\t<div class=\"elementor-element elementor-element-69fdfc57 e-con-full animejs-onview e-flex animejs-element e-con e-child\" data-id=\"69fdfc57\" data-element_type=\"container\" data-e-type=\"container\" data-anime=\"onview: -100; loop: false; targets: .elementor-element; opacity: [0, 1]; translateY: [48, 0]; easing: &#039;spring(1, 80, 10, 0)&#039;; duration: 450; delay: 100; delay: anime.stagger(100, {start: 100})\" data-anime-devices=\"mobile,tablet,desktop\">\n\t\t\t\t<div class=\"elementor-element elementor-element-3e4c2b2b elementor-widget__width-initial elementor-widget-mobile__width-inherit animejs-disable elementor-widget elementor-widget-optechsectiontitle\" data-id=\"3e4c2b2b\" data-element_type=\"widget\" data-e-type=\"widget\" data-widget_type=\"optechsectiontitle.default\">\n\t\t\t\t<div class=\"elementor-widget-container\">\n\t\t\t\t\t\t\t\t<div class=\"optech-default-content\">\r\n\t\t\t\t\r\n\t\t\t\t\t\t\t\t\t<h2 class=\"sec-title\">\t\t\t\t\t\tBesoin d\u2019un partenaire informatique fiable pour votre entreprise ?\t\t\t\t\t\t\t\t\t\t\t<\/h2>\t\t\t\t\r\n\t\t\t\t\r\n\t\t\t\t\t\t\t\t\t<p class=\"sec-text\">Que ce soit pour une intervention ponctuelle ou pour la gestion compl\u00e8te de votre informatique, notre \u00e9quipe est \u00e0 votre disposition pour vous accompagner.<\/p>\t\t\t\t\t\t\t<\/div>\r\n\t\t\t\t\t\t<\/div>\n\t\t\t\t<\/div>\n\t\t\t\t<div class=\"elementor-element elementor-element-2718f8d4 animejs-disable elementor-widget elementor-widget-optechbutton\" data-id=\"2718f8d4\" data-element_type=\"widget\" data-e-type=\"widget\" data-widget_type=\"optechbutton.default\">\n\t\t\t\t<div class=\"elementor-widget-container\">\n\t\t\t\t\t\t\r\n\t\t\t\t\t\t\t<a class=\"optech-default-btn btn-style\" href=\"https:\/\/business.gs-informatique.be\/index.php\/contactez-nous\/\"   data-text=\"Nous contacter\">\r\n\t\t\t\t\t<span class=\"btn-wraper\">\r\n\t\t\t\t\t\tNous contacter\t\t\t\t\t<\/span>\r\n\t\t\t\t<\/a>\r\n\t\t\t\t\t\t\t\t\t<\/div>\n\t\t\t\t<\/div>\n\t\t\t\t<\/div>\n\t\t\t\t\t<\/div>\n\t\t\t\t<\/div>\n\t\t\t\t<\/div>\n\t\t","protected":false},"excerpt":{"rendered":"<p>Une \u00e9quipe \u00e0 votre service GS Informatique est avant tout une \u00e9quipe de passionn\u00e9s d\u2019informatique qui partagent la m\u00eame volont\u00e9 : offrir un service de qualit\u00e9 et une vraie proximit\u00e9 avec nos clients. Giuseppe G\u00e9rant et technicien informatique David Technicien informatique Angelo Technicien informatique *; translateY: [48, 0]; opacity: [0, 1]; easing: spring(1, 80, 10,&#8230;<\/p>\n","protected":false},"author":2,"featured_media":0,"parent":0,"menu_order":0,"comment_status":"closed","ping_status":"closed","template":"elementor_header_footer","meta":{"footnotes":""},"class_list":["post-28","page","type-page","status-publish","hentry"],"_links":{"self":[{"href":"https:\/\/business.gs-informatique.be\/index.php\/wp-json\/wp\/v2\/pages\/28","targetHints":{"allow":["GET"]}}],"collection":[{"href":"https:\/\/business.gs-informatique.be\/index.php\/wp-json\/wp\/v2\/pages"}],"about":[{"href":"https:\/\/business.gs-informatique.be\/index.php\/wp-json\/wp\/v2\/types\/page"}],"author":[{"embeddable":true,"href":"https:\/\/business.gs-informatique.be\/index.php\/wp-json\/wp\/v2\/users\/2"}],"replies":[{"embeddable":true,"href":"https:\/\/business.gs-informatique.be\/index.php\/wp-json\/wp\/v2\/comments?post=28"}],"version-history":[{"count":62,"href":"https:\/\/business.gs-informatique.be\/index.php\/wp-json\/wp\/v2\/pages\/28\/revisions"}],"predecessor-version":[{"id":6311,"href":"https:\/\/business.gs-informatique.be\/index.php\/wp-json\/wp\/v2\/pages\/28\/revisions\/6311"}],"wp:attachment":[{"href":"https:\/\/business.gs-informatique.be\/index.php\/wp-json\/wp\/v2\/media?parent=28"}],"curies":[{"name":"wp","href":"https:\/\/api.w.org\/{rel}","templated":true}]}}