{"id":1430,"date":"2024-09-07T04:35:58","date_gmt":"2024-09-07T04:35:58","guid":{"rendered":"https:\/\/wps.mirrortheme.com\/optech\/?page_id=1430"},"modified":"2026-03-15T20:37:12","modified_gmt":"2026-03-15T20:37:12","slug":"nos-services","status":"publish","type":"page","link":"https:\/\/business.gs-informatique.be\/index.php\/nos-services\/","title":{"rendered":"Nos Services"},"content":{"rendered":"\t\t<div data-elementor-type=\"wp-page\" data-elementor-id=\"1430\" class=\"elementor elementor-1430\">\n\t\t\t\t<div class=\"elementor-element elementor-element-c28ef51 e-flex e-con-boxed animejs-disable e-con e-parent\" data-id=\"c28ef51\" data-element_type=\"container\" data-e-type=\"container\" data-settings=\"{&quot;background_background&quot;:&quot;classic&quot;}\">\n\t\t\t\t\t<div class=\"e-con-inner\">\n\t\t<div class=\"elementor-element elementor-element-7a2dff5 e-con-full e-flex animejs-disable e-con e-child\" data-id=\"7a2dff5\" data-element_type=\"container\" data-e-type=\"container\">\n\t\t\t\t<div class=\"elementor-element elementor-element-1273795 elementor-widget__width-initial animejs-onview animejs-element elementor-widget elementor-widget-optechsectiontitle\" data-id=\"1273795\" data-element_type=\"widget\" data-e-type=\"widget\" data-anime=\"onview: -100; loop: false; opacity: [0, 1]; translateY: [48, 0]; easing: &#039;spring(1, 80, 10, 0)&#039;; duration: 450; delay: 100\" data-anime-devices=\"mobile,tablet,desktop\" data-widget_type=\"optechsectiontitle.default\">\n\t\t\t\t<div class=\"elementor-widget-container\">\n\t\t\t\t\t\t\t\t<div class=\"optech-default-content\">\r\n\t\t\t\t\r\n\t\t\t\t\t\t\t\t\t<h2 class=\"sec-title\">\t\t\t\t\t\t\nServices informatiques pour PME \u00e0 Bruxelles\t\t\t\t\t\t\t\t\t\t\t<\/h2>\t\t\t\t\r\n\t\t\t\t\t\t\t\t\t<span class=\"sec-subtitle\">\t\t\t\t\t\tChez GS Informatique, nous accompagnons les petites et moyennes entreprises de 1 \u00e0 20 utilisateurs dans la gestion, la s\u00e9curisation et l\u2019\u00e9volution de leur infrastructure informatique.\t\t\t\t\t<\/span>\t\t\t\t\r\n\t\t\t\t\t\t\t<\/div>\r\n\t\t\t\t\t\t<\/div>\n\t\t\t\t<\/div>\n\t\t\t\t<\/div>\n\t\t<div class=\"elementor-element elementor-element-6509ea1 e-con-full animejs-onview e-flex animejs-element e-con e-child\" data-id=\"6509ea1\" data-element_type=\"container\" data-e-type=\"container\" data-anime=\"onview: -100; loop: false; targets: .elementor-widget-container&gt; .slick-track; opacity: [0, 1]; translateY: [48, 0]; easing: &#039;spring(1, 80, 10, 0)&#039;; duration: 500; delay: 0; delay: anime.stagger(100, {start: 52})\" data-anime-devices=\"desktop\">\n\t\t\t\t<div class=\"elementor-element elementor-element-7575580 animejs-onview animejs-element elementor-widget elementor-widget-optechworkprocess\" data-id=\"7575580\" data-element_type=\"widget\" data-e-type=\"widget\" data-anime=\"onview: -100; loop: false; targets: .optech-numberbox-wrap; opacity: [0, 1]; translateY: [48, 0]; easing: &#039;spring(1, 80, 10, 0)&#039;; duration: 450; delay: 130; delay: anime.stagger(100, {start: 200})\" data-anime-devices=\"mobile,tablet,desktop\" data-widget_type=\"optechworkprocess.default\">\n\t\t\t\t<div class=\"elementor-widget-container\">\n\t\t\t\t\t\t\t<div class=\"row z-index\">\n\t\t\t\t\t\t\t<div class=\"col-xl-4 col-md-6\">\n\t\t\t\t<div class=\"optech-numberbox-wrap\">\n\t\t\t\t\t<div class=\"optech-numberbox-icon\">\n\t\t\t\t\t<img decoding=\"async\" src=\"https:\/\/business.gs-informatique.be\/wp-content\/uploads\/2024\/09\/illustration1.svg\" alt=\"\">\n\t\t\t\t\t<\/div>\n\t\t\t\t\t<div class=\"optech-numberbox-data\">\n\t\t\t\t\t<span>01<\/span>\n\t\t\t\t\t<h4>Analyse des besoins<\/h4>\n\t\t\t\t\t<p>Nous analysons votre environnement informatique afin de comprendre vos besoins et identifier les solutions les plus adapt\u00e9es \u00e0 votre entreprise.<\/p>\n\t\t\t\t\t<\/div>\n\t\t\t\t<\/div>\n\t\t\t\t<\/div>\n\t\t\t\t\t\t\t<div class=\"col-xl-4 col-md-6\">\n\t\t\t\t<div class=\"optech-numberbox-wrap\">\n\t\t\t\t\t<div class=\"optech-numberbox-icon\">\n\t\t\t\t\t<img decoding=\"async\" src=\"https:\/\/business.gs-informatique.be\/wp-content\/uploads\/2024\/09\/illustration2.svg\" alt=\"\">\n\t\t\t\t\t<\/div>\n\t\t\t\t\t<div class=\"optech-numberbox-data\">\n\t\t\t\t\t<span>02<\/span>\n\t\t\t\t\t<h4>Mise en place des solutions<\/h4>\n\t\t\t\t\t<p>Nous installons et configurons les outils, le mat\u00e9riel et les services n\u00e9cessaires pour assurer un fonctionnement optimal de votre infrastructure.<\/p>\n\t\t\t\t\t<\/div>\n\t\t\t\t<\/div>\n\t\t\t\t<\/div>\n\t\t\t\t\t\t\t<div class=\"col-xl-4 col-md-6\">\n\t\t\t\t<div class=\"optech-numberbox-wrap\">\n\t\t\t\t\t<div class=\"optech-numberbox-icon\">\n\t\t\t\t\t<img decoding=\"async\" src=\"https:\/\/business.gs-informatique.be\/wp-content\/uploads\/2024\/09\/illustration3.svg\" alt=\"\">\n\t\t\t\t\t<\/div>\n\t\t\t\t\t<div class=\"optech-numberbox-data\">\n\t\t\t\t\t<span>03<\/span>\n\t\t\t\t\t<h4>Suivi et assistance<\/h4>\n\t\t\t\t\t<p>Nous restons disponibles pour assurer la maintenance, le support technique et l\u2019\u00e9volution de votre informatique.<\/p>\n\t\t\t\t\t<\/div>\n\t\t\t\t<\/div>\n\t\t\t\t<\/div>\n\t\t\t\t\t\t<div class=\"optech-line\">\n\t\t\t\t<img decoding=\"async\" src=\"https:\/\/business.gs-informatique.be\/wp-content\/uploads\/2024\/09\/Line.png\" alt=\"\">\n        \t<\/div>\n    \t\t<\/div>\n\t\t\t\t\t\t<\/div>\n\t\t\t\t<\/div>\n\t\t\t\t<\/div>\n\t\t\t\t\t<\/div>\n\t\t\t\t<\/div>\n\t\t<div class=\"elementor-element elementor-element-b989345 e-con-full e-flex animejs-disable e-con e-parent\" data-id=\"b989345\" data-element_type=\"container\" data-e-type=\"container\" data-settings=\"{&quot;background_background&quot;:&quot;classic&quot;}\">\n\t\t<div class=\"elementor-element elementor-element-9cd9133 e-flex e-con-boxed animejs-disable e-con e-child\" data-id=\"9cd9133\" data-element_type=\"container\" data-e-type=\"container\">\n\t\t\t\t\t<div class=\"e-con-inner\">\n\t\t<div class=\"elementor-element elementor-element-0b40e05 e-con-full e-flex animejs-disable e-con e-child\" data-id=\"0b40e05\" data-element_type=\"container\" data-e-type=\"container\">\n\t\t\t\t<div class=\"elementor-element elementor-element-c0ee26a elementor-widget__width-initial animejs-onview animejs-element elementor-widget elementor-widget-optechsectiontitle\" data-id=\"c0ee26a\" data-element_type=\"widget\" data-e-type=\"widget\" data-anime=\"onview: -100; loop: false; opacity: [0, 1]; translateY: [48, 0]; easing: &#039;spring(1, 80, 10, 0)&#039;; duration: 450; delay: 100\" data-anime-devices=\"mobile,tablet,desktop\" data-widget_type=\"optechsectiontitle.default\">\n\t\t\t\t<div class=\"elementor-widget-container\">\n\t\t\t\t\t\t\t\t<div class=\"optech-default-content\">\r\n\t\t\t\t\r\n\t\t\t\t\t\t\t\t\t<h2 class=\"sec-title\">\t\t\t\t\t\tNos services informatiques\t\t\t\t\t\t\t\t\t\t\t<\/h2>\t\t\t\t\r\n\t\t\t\t\r\n\t\t\t\t\t\t\t<\/div>\r\n\t\t\t\t\t\t<\/div>\n\t\t\t\t<\/div>\n\t\t\t\t<\/div>\n\t\t\t\t\t<\/div>\n\t\t\t\t<\/div>\n\t\t<div class=\"elementor-element elementor-element-43c5a91 animejs-onview e-flex e-con-boxed animejs-element e-con e-child\" data-id=\"43c5a91\" data-element_type=\"container\" data-e-type=\"container\" data-anime=\"onview: -100; loop: false; targets: .row &gt; .col-xl-6; opacity: [0, 1]; translateY: [48, 0]; easing: &#039;spring(1, 80, 10, 0)&#039;; duration: 450; delay: 100; delay: anime.stagger(100, {start: 100})\" data-anime-devices=\"mobile,tablet,desktop\">\n\t\t\t\t\t<div class=\"e-con-inner\">\n\t\t\t\t<div class=\"elementor-element elementor-element-6998a1d animejs-disable elementor-widget elementor-widget-optech_services\" data-id=\"6998a1d\" data-element_type=\"widget\" data-e-type=\"widget\" data-settings=\"{&quot;per_line&quot;:&quot;6&quot;,&quot;per_line_tablet&quot;:&quot;6&quot;,&quot;per_line_mobile&quot;:&quot;12&quot;}\" data-widget_type=\"optech_services.default\">\n\t\t\t\t<div class=\"elementor-widget-container\">\n\t\t\t\t\t  \r\n\r\n            <div  class=\"row\" >\r\n                                                            <div class=\"col-xl-6 col-md-6 col-sm-12\" >\r\n                            <div class=\"optech-iconbox-wrap style-two\">\r\n                                \r\n                                <div class=\"optech-iconbox-icon\">\r\n                                                                            <img decoding=\"async\" src=\"http:\/\/business.gs-informatique.be\/wp-content\/uploads\/2026\/03\/reparation.png\" alt=\"Image\">\r\n                                                                    <\/div>\r\n                                <div class=\"optech-iconbox-data\">\r\n                                    <h5>Assistance et d\u00e9pannage informatique<\/h5>\r\n                                                                            <p>Nous intervenons rapidement pour r\u00e9soudre les probl\u00e8mes informatiques qui peuvent perturber votre activit\u00e9 : ordinateurs, r\u00e9seau, imprimantes, messagerie ou logiciels.\nLes interventions peuvent \u00eatre r\u00e9alis\u00e9es \u00e0 distance ou sur site selon la situation.<\/p>\r\n                                    \r\n                                                                    <\/div>\r\n                            <\/div>\r\n                        <\/div>\r\n                                                                                <div class=\"col-xl-6 col-md-6 col-sm-12\" >\r\n                            <div class=\"optech-iconbox-wrap style-two\">\r\n                                \r\n                                <div class=\"optech-iconbox-icon\">\r\n                                                                            <img decoding=\"async\" src=\"http:\/\/business.gs-informatique.be\/wp-content\/uploads\/2026\/03\/soutien-technique.png\" alt=\"Image\">\r\n                                                                    <\/div>\r\n                                <div class=\"optech-iconbox-data\">\r\n                                    <h5>Installation et renouvellement de mat\u00e9riel<\/h5>\r\n                                                                            <p>Nous vous conseillons dans le choix de votre mat\u00e9riel informatique et nous nous occupons de l\u2019installation compl\u00e8te : ordinateurs, serveurs, imprimantes, r\u00e9seau et Wi-Fi.<\/p>\r\n                                    \r\n                                                                    <\/div>\r\n                            <\/div>\r\n                        <\/div>\r\n                                                                                <div class=\"col-xl-6 col-md-6 col-sm-12\" >\r\n                            <div class=\"optech-iconbox-wrap style-two\">\r\n                                \r\n                                <div class=\"optech-iconbox-icon\">\r\n                                                                            <img decoding=\"async\" src=\"http:\/\/business.gs-informatique.be\/wp-content\/uploads\/2026\/03\/logiciel.png\" alt=\"Image\">\r\n                                                                    <\/div>\r\n                                <div class=\"optech-iconbox-data\">\r\n                                    <h5>R\u00e9seaux et infrastructure informatique<\/h5>\r\n                                                                            <p>Nous installons et configurons votre r\u00e9seau afin de garantir une connexion stable, performante et s\u00e9curis\u00e9e pour l\u2019ensemble de vos collaborateurs.<\/p>\r\n                                    \r\n                                                                    <\/div>\r\n                            <\/div>\r\n                        <\/div>\r\n                                                                                <div class=\"col-xl-6 col-md-6 col-sm-12\" >\r\n                            <div class=\"optech-iconbox-wrap style-two\">\r\n                                \r\n                                <div class=\"optech-iconbox-icon\">\r\n                                                                            <img decoding=\"async\" src=\"http:\/\/business.gs-informatique.be\/wp-content\/uploads\/2026\/03\/microsoft.png\" alt=\"Image\">\r\n                                                                    <\/div>\r\n                                <div class=\"optech-iconbox-data\">\r\n                                    <h5>Microsoft 365 et messagerie professionnelle<\/h5>\r\n                                                                            <p>Nous vous accompagnons dans la configuration et la gestion de votre environnement Microsoft 365 : messagerie professionnelle, partage de fichiers et gestion des utilisateurs.<\/p>\r\n                                    \r\n                                                                    <\/div>\r\n                            <\/div>\r\n                        <\/div>\r\n                                                                                <div class=\"col-xl-6 col-md-6 col-sm-12\" >\r\n                            <div class=\"optech-iconbox-wrap style-two\">\r\n                                \r\n                                <div class=\"optech-iconbox-icon\">\r\n                                                                            <img decoding=\"async\" src=\"http:\/\/business.gs-informatique.be\/wp-content\/uploads\/2026\/03\/sauvegarder.png\" alt=\"Image\">\r\n                                                                    <\/div>\r\n                                <div class=\"optech-iconbox-data\">\r\n                                    <h5>Sauvegarde et se\u0301curite\u0301 informatique<\/h5>\r\n                                                                            <p>Nous mettons en place des solutions de sauvegarde et de s\u00e9curit\u00e9 afin de prot\u00e9ger les donn\u00e9es de votre entreprise contre les pannes, les erreurs humaines ou les cyberattaques.<\/p>\r\n                                    \r\n                                                                    <\/div>\r\n                            <\/div>\r\n                        <\/div>\r\n                                                                                <div class=\"col-xl-6 col-md-6 col-sm-12\" >\r\n                            <div class=\"optech-iconbox-wrap style-two\">\r\n                                \r\n                                <div class=\"optech-iconbox-icon\">\r\n                                                                            <img decoding=\"async\" src=\"http:\/\/business.gs-informatique.be\/wp-content\/uploads\/2026\/03\/batiment.png\" alt=\"Image\">\r\n                                                                    <\/div>\r\n                                <div class=\"optech-iconbox-data\">\r\n                                    <h5>Infog\u00e9rance pour PME<\/h5>\r\n                                                                            <p>Pour les entreprises qui souhaitent d\u00e9l\u00e9guer la gestion de leur informatique, nous proposons des solutions d\u2019infog\u00e9rance permettant de superviser les syst\u00e8mes et d\u2019anticiper les probl\u00e8mes.<\/p>\r\n                                    \r\n                                                                    <\/div>\r\n                            <\/div>\r\n                        <\/div>\r\n                                                <\/div>\r\n        \t\t\t\t<\/div>\n\t\t\t\t<\/div>\n\t\t\t\t\t<\/div>\n\t\t\t\t<\/div>\n\t\t\t\t<\/div>\n\t\t<div class=\"elementor-element elementor-element-3fbcfe3 e-flex e-con-boxed animejs-disable e-con e-parent\" data-id=\"3fbcfe3\" data-element_type=\"container\" data-e-type=\"container\" data-settings=\"{&quot;background_background&quot;:&quot;gradient&quot;}\">\n\t\t\t\t\t<div class=\"e-con-inner\">\n\t\t<div class=\"elementor-element elementor-element-2a02cc6a e-con-full animejs-onview e-flex animejs-element e-con e-child\" data-id=\"2a02cc6a\" data-element_type=\"container\" data-e-type=\"container\" data-anime=\"onview: -100; loop: false; targets: .elementor-element; opacity: [0, 1]; translateY: [48, 0]; easing: &#039;spring(1, 80, 10, 0)&#039;; duration: 450; delay: 100; delay: anime.stagger(100, {start: 100})\" data-anime-devices=\"mobile,tablet,desktop\">\n\t\t\t\t<div class=\"elementor-element elementor-element-192a43b5 elementor-widget__width-initial elementor-widget-mobile__width-inherit animejs-disable elementor-widget elementor-widget-optechsectiontitle\" data-id=\"192a43b5\" data-element_type=\"widget\" data-e-type=\"widget\" data-widget_type=\"optechsectiontitle.default\">\n\t\t\t\t<div class=\"elementor-widget-container\">\n\t\t\t\t\t\t\t\t<div class=\"optech-default-content\">\r\n\t\t\t\t\r\n\t\t\t\t\t\t\t\t\t<h2 class=\"sec-title\">\t\t\t\t\t\tBesoin d\u2019un partenaire informatique fiable pour votre entreprise ?\t\t\t\t\t\t\t\t\t\t\t<\/h2>\t\t\t\t\r\n\t\t\t\t\r\n\t\t\t\t\t\t\t\t\t<p class=\"sec-text\">Que ce soit pour une intervention ponctuelle ou pour la gestion compl\u00e8te de votre informatique, notre \u00e9quipe est \u00e0 votre disposition pour vous accompagner.<\/p>\t\t\t\t\t\t\t<\/div>\r\n\t\t\t\t\t\t<\/div>\n\t\t\t\t<\/div>\n\t\t\t\t<div class=\"elementor-element elementor-element-6de80bd1 animejs-disable elementor-widget elementor-widget-optechbutton\" data-id=\"6de80bd1\" data-element_type=\"widget\" data-e-type=\"widget\" data-widget_type=\"optechbutton.default\">\n\t\t\t\t<div class=\"elementor-widget-container\">\n\t\t\t\t\t\t\r\n\t\t\t\t\t\t\t<a class=\"optech-default-btn btn-style\" href=\"https:\/\/business.gs-informatique.be\/index.php\/contactez-nous\/\"   data-text=\"Nous contacter\">\r\n\t\t\t\t\t<span class=\"btn-wraper\">\r\n\t\t\t\t\t\tNous contacter\t\t\t\t\t<\/span>\r\n\t\t\t\t<\/a>\r\n\t\t\t\t\t\t\t\t\t<\/div>\n\t\t\t\t<\/div>\n\t\t\t\t<\/div>\n\t\t\t\t\t<\/div>\n\t\t\t\t<\/div>\n\t\t\t\t<\/div>\n\t\t","protected":false},"excerpt":{"rendered":"<p>Services informatiques pour PME \u00e0 Bruxelles Chez GS Informatique, nous accompagnons les petites et moyennes entreprises de 1 \u00e0 20 utilisateurs dans la gestion, la s\u00e9curisation et l\u2019\u00e9volution de leur infrastructure informatique. 01 Analyse des besoins Nous analysons votre environnement informatique afin de comprendre vos besoins et identifier les solutions les plus adapt\u00e9es \u00e0 votre&#8230;<\/p>\n","protected":false},"author":2,"featured_media":0,"parent":0,"menu_order":0,"comment_status":"closed","ping_status":"closed","template":"elementor_header_footer","meta":{"footnotes":""},"class_list":["post-1430","page","type-page","status-publish","hentry"],"_links":{"self":[{"href":"https:\/\/business.gs-informatique.be\/index.php\/wp-json\/wp\/v2\/pages\/1430","targetHints":{"allow":["GET"]}}],"collection":[{"href":"https:\/\/business.gs-informatique.be\/index.php\/wp-json\/wp\/v2\/pages"}],"about":[{"href":"https:\/\/business.gs-informatique.be\/index.php\/wp-json\/wp\/v2\/types\/page"}],"author":[{"embeddable":true,"href":"https:\/\/business.gs-informatique.be\/index.php\/wp-json\/wp\/v2\/users\/2"}],"replies":[{"embeddable":true,"href":"https:\/\/business.gs-informatique.be\/index.php\/wp-json\/wp\/v2\/comments?post=1430"}],"version-history":[{"count":26,"href":"https:\/\/business.gs-informatique.be\/index.php\/wp-json\/wp\/v2\/pages\/1430\/revisions"}],"predecessor-version":[{"id":6305,"href":"https:\/\/business.gs-informatique.be\/index.php\/wp-json\/wp\/v2\/pages\/1430\/revisions\/6305"}],"wp:attachment":[{"href":"https:\/\/business.gs-informatique.be\/index.php\/wp-json\/wp\/v2\/media?parent=1430"}],"curies":[{"name":"wp","href":"https:\/\/api.w.org\/{rel}","templated":true}]}}